{"id":7,"date":"2020-03-08T12:33:08","date_gmt":"2020-03-08T11:33:08","guid":{"rendered":"http:\/\/www.dlvn.fr\/afterburner\/?page_id=7"},"modified":"2020-04-28T20:14:19","modified_gmt":"2020-04-28T18:14:19","slug":"a-propos","status":"publish","type":"page","link":"https:\/\/www.dlvn.fr\/afterburner\/a-propos\/","title":{"rendered":"\u00c0 propos"},"content":{"rendered":"\n<h2>La galerie<\/h2>\n\n\n\n<p>Afterburner (<em>post-combustion<\/em>) d\u00e9signe le syst\u00e8me d&rsquo;augmentation de la pouss\u00e9e des avions supersoniques. C&rsquo;est ainsi que j&rsquo;ai nomm\u00e9 ma galerie.<\/p>\n\n\n\n<p>Cette galerie est la vitrine de mes projets photographiques. Elle m&rsquo;aidera \u00e0 faire m\u00fbrir mes projets, gr\u00e2ce \u00e0 la ma\u00eetrise des espaces et de la chronologie. Chose difficile, sinon impossible, sur les r\u00e9seaux sociaux.<\/p>\n\n\n\n<p><a href=\"https:\/\/www.dlvn.fr\/afterburner\/politique-de-confidentialite\/\">Politique de confidentialit\u00e9<\/a><\/p>\n\n\n\n<h2>Le photographe<\/h2>\n\n\n\n<p>Antoine, 26 ans. Je suis ing\u00e9nieur et travaille dans le Sud de la France.<\/p>\n","protected":false},"excerpt":{"rendered":"<p>La galerie Afterburner (post-combustion) d\u00e9signe le syst\u00e8me d&rsquo;augmentation de la pouss\u00e9e des avions supersoniques. C&rsquo;est ainsi que j&rsquo;ai nomm\u00e9 ma galerie. Cette galerie est la vitrine de mes projets photographiques. Elle m&rsquo;aidera \u00e0 faire m\u00fbrir mes projets, gr\u00e2ce \u00e0 la ma\u00eetrise des espaces et de la chronologie. Chose difficile, sinon impossible, sur les r\u00e9seaux sociaux. &hellip; <\/p>\n<p class=\"link-more\"><a href=\"https:\/\/www.dlvn.fr\/afterburner\/a-propos\/\" class=\"more-link\">Continuer la lecture<span class=\"screen-reader-text\"> de &laquo;&nbsp;\u00c0 propos&nbsp;&raquo;<\/span><\/a><\/p>\n","protected":false},"author":1,"featured_media":0,"parent":0,"menu_order":0,"comment_status":"closed","ping_status":"closed","template":"","meta":[],"_links":{"self":[{"href":"https:\/\/www.dlvn.fr\/afterburner\/wp-json\/wp\/v2\/pages\/7"}],"collection":[{"href":"https:\/\/www.dlvn.fr\/afterburner\/wp-json\/wp\/v2\/pages"}],"about":[{"href":"https:\/\/www.dlvn.fr\/afterburner\/wp-json\/wp\/v2\/types\/page"}],"author":[{"embeddable":true,"href":"https:\/\/www.dlvn.fr\/afterburner\/wp-json\/wp\/v2\/users\/1"}],"replies":[{"embeddable":true,"href":"https:\/\/www.dlvn.fr\/afterburner\/wp-json\/wp\/v2\/comments?post=7"}],"version-history":[{"count":13,"href":"https:\/\/www.dlvn.fr\/afterburner\/wp-json\/wp\/v2\/pages\/7\/revisions"}],"predecessor-version":[{"id":356,"href":"https:\/\/www.dlvn.fr\/afterburner\/wp-json\/wp\/v2\/pages\/7\/revisions\/356"}],"wp:attachment":[{"href":"https:\/\/www.dlvn.fr\/afterburner\/wp-json\/wp\/v2\/media?parent=7"}],"curies":[{"name":"wp","href":"https:\/\/api.w.org\/{rel}","templated":true}]}}