{"id":172,"date":"2020-03-14T15:45:56","date_gmt":"2020-03-14T14:45:56","guid":{"rendered":"http:\/\/www.dlvn.fr\/afterburner\/?page_id=172"},"modified":"2020-04-30T23:29:21","modified_gmt":"2020-04-30T21:29:21","slug":"dolce-vita","status":"publish","type":"page","link":"https:\/\/www.dlvn.fr\/afterburner\/series\/dolce-vita\/","title":{"rendered":"Dolce vita"},"content":{"rendered":"\n<p>S\u00e9rie r\u00e9alis\u00e9e en photographie argentique (Kodak Portra 400).<\/p>\n\n\n\n<div class=\"wp-block-image\"><figure class=\"aligncenter is-resized\"><a href=\"http:\/\/www.dlvn.fr\/afterburner\/wp-content\/uploads\/2020\/03\/italie_30062019_0001.jpg\"><img decoding=\"async\" src=\"http:\/\/www.dlvn.fr\/afterburner\/wp-content\/uploads\/2020\/03\/italie_30062019_0001.jpg\" alt=\"\" class=\"wp-image-164\" width=\"740\" srcset=\"https:\/\/www.dlvn.fr\/afterburner\/wp-content\/uploads\/2020\/03\/italie_30062019_0001.jpg 1200w, https:\/\/www.dlvn.fr\/afterburner\/wp-content\/uploads\/2020\/03\/italie_30062019_0001-300x200.jpg 300w, https:\/\/www.dlvn.fr\/afterburner\/wp-content\/uploads\/2020\/03\/italie_30062019_0001-150x100.jpg 150w, https:\/\/www.dlvn.fr\/afterburner\/wp-content\/uploads\/2020\/03\/italie_30062019_0001-768x512.jpg 768w\" sizes=\"(max-width: 767px) 89vw, (max-width: 1000px) 54vw, (max-width: 1071px) 543px, 580px\" \/><\/a><figcaption>Vernazza (Italie), mars 2019<\/figcaption><\/figure><\/div>\n\n\n\n<div class=\"wp-block-image\"><figure class=\"aligncenter is-resized\"><a href=\"http:\/\/www.dlvn.fr\/afterburner\/wp-content\/uploads\/2020\/03\/italie_30062019_0002.jpg\"><img decoding=\"async\" loading=\"lazy\" src=\"http:\/\/www.dlvn.fr\/afterburner\/wp-content\/uploads\/2020\/03\/italie_30062019_0002.jpg\" alt=\"\" class=\"wp-image-165\" width=\"740\" height=\"800\"\/><\/a><figcaption>Vernazza (Italie), mars 2019<\/figcaption><\/figure><\/div>\n\n\n\n<div class=\"wp-block-image\"><figure class=\"aligncenter is-resized\"><a href=\"http:\/\/www.dlvn.fr\/afterburner\/wp-content\/uploads\/2020\/03\/italie_30062019_0005.jpg\"><img decoding=\"async\" src=\"http:\/\/www.dlvn.fr\/afterburner\/wp-content\/uploads\/2020\/03\/italie_30062019_0005.jpg\" alt=\"\" class=\"wp-image-168\" height=\"740\" srcset=\"https:\/\/www.dlvn.fr\/afterburner\/wp-content\/uploads\/2020\/03\/italie_30062019_0005.jpg 800w, https:\/\/www.dlvn.fr\/afterburner\/wp-content\/uploads\/2020\/03\/italie_30062019_0005-200x300.jpg 200w, https:\/\/www.dlvn.fr\/afterburner\/wp-content\/uploads\/2020\/03\/italie_30062019_0005-100x150.jpg 100w, https:\/\/www.dlvn.fr\/afterburner\/wp-content\/uploads\/2020\/03\/italie_30062019_0005-768x1152.jpg 768w\" sizes=\"(max-width: 767px) 89vw, (max-width: 1000px) 54vw, (max-width: 1071px) 543px, 580px\" \/><\/a><figcaption>Manarola (Italie), mars 2019<\/figcaption><\/figure><\/div>\n\n\n\n<div class=\"wp-block-image\"><figure class=\"aligncenter is-resized\"><a href=\"http:\/\/www.dlvn.fr\/afterburner\/wp-content\/uploads\/2020\/03\/italie_30062019_0003.jpg\"><img decoding=\"async\" src=\"http:\/\/www.dlvn.fr\/afterburner\/wp-content\/uploads\/2020\/03\/italie_30062019_0003.jpg\" alt=\"\" class=\"wp-image-166\" width=\"740\" srcset=\"https:\/\/www.dlvn.fr\/afterburner\/wp-content\/uploads\/2020\/03\/italie_30062019_0003.jpg 1200w, https:\/\/www.dlvn.fr\/afterburner\/wp-content\/uploads\/2020\/03\/italie_30062019_0003-300x200.jpg 300w, https:\/\/www.dlvn.fr\/afterburner\/wp-content\/uploads\/2020\/03\/italie_30062019_0003-150x100.jpg 150w, https:\/\/www.dlvn.fr\/afterburner\/wp-content\/uploads\/2020\/03\/italie_30062019_0003-768x512.jpg 768w\" sizes=\"(max-width: 767px) 89vw, (max-width: 1000px) 54vw, (max-width: 1071px) 543px, 580px\" \/><\/a><figcaption>Manarola (Italie), mars 2019<\/figcaption><\/figure><\/div>\n\n\n\n<div class=\"wp-block-image\"><figure class=\"aligncenter is-resized\"><a href=\"http:\/\/www.dlvn.fr\/afterburner\/wp-content\/uploads\/2020\/03\/italie_30062019_0004.jpg\"><img decoding=\"async\" src=\"http:\/\/www.dlvn.fr\/afterburner\/wp-content\/uploads\/2020\/03\/italie_30062019_0004.jpg\" alt=\"\" class=\"wp-image-167\" width=\"740\" srcset=\"https:\/\/www.dlvn.fr\/afterburner\/wp-content\/uploads\/2020\/03\/italie_30062019_0004.jpg 1200w, https:\/\/www.dlvn.fr\/afterburner\/wp-content\/uploads\/2020\/03\/italie_30062019_0004-300x200.jpg 300w, https:\/\/www.dlvn.fr\/afterburner\/wp-content\/uploads\/2020\/03\/italie_30062019_0004-150x100.jpg 150w, https:\/\/www.dlvn.fr\/afterburner\/wp-content\/uploads\/2020\/03\/italie_30062019_0004-768x512.jpg 768w\" sizes=\"(max-width: 767px) 89vw, (max-width: 1000px) 54vw, (max-width: 1071px) 543px, 580px\" \/><\/a><figcaption>Manarola (Italie), mars 2019<\/figcaption><\/figure><\/div>\n\n\n\n<div class=\"wp-block-image\"><figure class=\"aligncenter is-resized\"><a href=\"http:\/\/www.dlvn.fr\/afterburner\/wp-content\/uploads\/2020\/03\/italie_30062019_0007.jpg\"><img decoding=\"async\" src=\"http:\/\/www.dlvn.fr\/afterburner\/wp-content\/uploads\/2020\/03\/italie_30062019_0007.jpg\" alt=\"\" class=\"wp-image-170\" width=\"740\" srcset=\"https:\/\/www.dlvn.fr\/afterburner\/wp-content\/uploads\/2020\/03\/italie_30062019_0007.jpg 1200w, https:\/\/www.dlvn.fr\/afterburner\/wp-content\/uploads\/2020\/03\/italie_30062019_0007-300x200.jpg 300w, https:\/\/www.dlvn.fr\/afterburner\/wp-content\/uploads\/2020\/03\/italie_30062019_0007-150x100.jpg 150w, https:\/\/www.dlvn.fr\/afterburner\/wp-content\/uploads\/2020\/03\/italie_30062019_0007-768x512.jpg 768w\" sizes=\"(max-width: 767px) 89vw, (max-width: 1000px) 54vw, (max-width: 1071px) 543px, 580px\" \/><\/a><figcaption> Monterosso (Italie), mars 2019<\/figcaption><\/figure><\/div>\n\n\n\n<div class=\"wp-block-image\"><figure class=\"aligncenter is-resized\"><a href=\"http:\/\/www.dlvn.fr\/afterburner\/wp-content\/uploads\/2020\/03\/italie_30062019_0008.jpg\"><img decoding=\"async\" src=\"http:\/\/www.dlvn.fr\/afterburner\/wp-content\/uploads\/2020\/03\/italie_30062019_0008.jpg\" alt=\"\" class=\"wp-image-171\" width=\"740\" srcset=\"https:\/\/www.dlvn.fr\/afterburner\/wp-content\/uploads\/2020\/03\/italie_30062019_0008.jpg 1200w, https:\/\/www.dlvn.fr\/afterburner\/wp-content\/uploads\/2020\/03\/italie_30062019_0008-300x200.jpg 300w, https:\/\/www.dlvn.fr\/afterburner\/wp-content\/uploads\/2020\/03\/italie_30062019_0008-150x100.jpg 150w, https:\/\/www.dlvn.fr\/afterburner\/wp-content\/uploads\/2020\/03\/italie_30062019_0008-768x512.jpg 768w\" sizes=\"(max-width: 767px) 89vw, (max-width: 1000px) 54vw, (max-width: 1071px) 543px, 580px\" \/><\/a><figcaption>Italie, mars 2019<\/figcaption><\/figure><\/div>\n\n\n\n<figure class=\"wp-block-image size-full is-resized\"><a href=\"http:\/\/www.dlvn.fr\/afterburner\/wp-content\/uploads\/2020\/04\/Afterburner_Dolce-Vita_0009.jpg\"><img decoding=\"async\" loading=\"lazy\" src=\"http:\/\/www.dlvn.fr\/afterburner\/wp-content\/uploads\/2020\/04\/Afterburner_Dolce-Vita_0009.jpg\" alt=\"\" class=\"wp-image-214\" width=\"740\" height=\"800\"\/><\/a><figcaption>Vintimille (Italie), octobre 2018<\/figcaption><\/figure>\n\n\n\n<div class=\"wp-block-image\"><figure class=\"aligncenter is-resized\"><a href=\"http:\/\/www.dlvn.fr\/afterburner\/wp-content\/uploads\/2020\/03\/italie_01072019_0009.jpg\"><img decoding=\"async\" src=\"http:\/\/www.dlvn.fr\/afterburner\/wp-content\/uploads\/2020\/03\/italie_01072019_0009.jpg\" alt=\"\" class=\"wp-image-163\" height=\"740\" srcset=\"https:\/\/www.dlvn.fr\/afterburner\/wp-content\/uploads\/2020\/03\/italie_01072019_0009.jpg 800w, https:\/\/www.dlvn.fr\/afterburner\/wp-content\/uploads\/2020\/03\/italie_01072019_0009-200x300.jpg 200w, https:\/\/www.dlvn.fr\/afterburner\/wp-content\/uploads\/2020\/03\/italie_01072019_0009-100x150.jpg 100w, https:\/\/www.dlvn.fr\/afterburner\/wp-content\/uploads\/2020\/03\/italie_01072019_0009-768x1152.jpg 768w\" sizes=\"(max-width: 767px) 89vw, (max-width: 1000px) 54vw, (max-width: 1071px) 543px, 580px\" \/><\/a><figcaption>G\u00eanes (Italie), mars 2019 <\/figcaption><\/figure><\/div>\n","protected":false},"excerpt":{"rendered":"<p>S\u00e9rie r\u00e9alis\u00e9e en photographie argentique (Kodak Portra 400).<\/p>\n","protected":false},"author":1,"featured_media":0,"parent":54,"menu_order":0,"comment_status":"open","ping_status":"closed","template":"","meta":[],"_links":{"self":[{"href":"https:\/\/www.dlvn.fr\/afterburner\/wp-json\/wp\/v2\/pages\/172"}],"collection":[{"href":"https:\/\/www.dlvn.fr\/afterburner\/wp-json\/wp\/v2\/pages"}],"about":[{"href":"https:\/\/www.dlvn.fr\/afterburner\/wp-json\/wp\/v2\/types\/page"}],"author":[{"embeddable":true,"href":"https:\/\/www.dlvn.fr\/afterburner\/wp-json\/wp\/v2\/users\/1"}],"replies":[{"embeddable":true,"href":"https:\/\/www.dlvn.fr\/afterburner\/wp-json\/wp\/v2\/comments?post=172"}],"version-history":[{"count":17,"href":"https:\/\/www.dlvn.fr\/afterburner\/wp-json\/wp\/v2\/pages\/172\/revisions"}],"predecessor-version":[{"id":233,"href":"https:\/\/www.dlvn.fr\/afterburner\/wp-json\/wp\/v2\/pages\/172\/revisions\/233"}],"up":[{"embeddable":true,"href":"https:\/\/www.dlvn.fr\/afterburner\/wp-json\/wp\/v2\/pages\/54"}],"wp:attachment":[{"href":"https:\/\/www.dlvn.fr\/afterburner\/wp-json\/wp\/v2\/media?parent=172"}],"curies":[{"name":"wp","href":"https:\/\/api.w.org\/{rel}","templated":true}]}}